{"id":1841,"date":"2014-08-21T11:21:56","date_gmt":"2014-08-21T11:21:56","guid":{"rendered":"https:\/\/www.lopselis.darzelis.mickunai.vilniausr.lm.lt\/?page_id=1841"},"modified":"2025-09-02T14:42:03","modified_gmt":"2025-09-02T12:42:03","slug":"viesuju-pirkimu-taisykles","status":"publish","type":"page","link":"https:\/\/www.lopselis.darzelis.mickunai.vilniausr.lm.lt\/?page_id=1841","title":{"rendered":"Vie\u0161\u0173j\u0173 pirkim\u0173 taisykl\u0117s"},"content":{"rendered":"<div>1. Prek\u0117s, paslaugos, darbai perkami&nbsp; ne per CPO, o savaranki\u0161kai, nes sutarties vert\u0117 iki 10000 Eur be PVM.<\/div>\n<div>2. Prekes, paslaugas ar darbus rinkoje&nbsp; galime \u012fsigyti efektyvesniu b\u016bd\u0173, racionaliai naudojant tam skirtas l\u0117\u0161as.<\/div>\n<div>3. Neperkame i\u0161 CPO, kai atliekant neskelbiam\u0105 apklaus\u0105, numatoma pirkimo sutarties vert\u0117 yra ma\u017eesn\u0117 kaip 10000 Eur (be PVM).<\/div>\n<p>&nbsp;<\/p>\n<p>Kvie\u010diame susipa\u017einti su nauj\u0105ja Vilniaus r. Mick\u016bn\u0173 vaik\u0173 lop\u0161elio &#8211; dar\u017eelio Supaprastint\u0173 ma\u017eos vert\u0117s pirkim\u0173 taisykl\u0117s<\/p>\n<p><a href=\"https:\/\/www.lopselis.darzelis.mickunai.vilniausr.lm.lt\/wp-content\/uploads\/2014\/08\/2015-mazos-vertes-pirkimu-taisykles.doc\">2015 mazos vertes pirkimu taisykles<\/a><\/p>\n<p>2023 m. pasira\u0161ytos sutartys per CPO<\/p>\n<ol>\n<li>Skalbimo paslaug\u0173 sutartis&nbsp;<\/li>\n<\/ol>\n\n\n<div data-wp-interactive=\"core\/file\" class=\"wp-block-file\"><object data-wp-bind--hidden=\"!state.hasPdfPreview\" hidden class=\"wp-block-file__embed\" data=\"https:\/\/www.lopselis.darzelis.mickunai.vilniausr.lm.lt\/wp-content\/uploads\/2023\/08\/Sutartis_Mickunuvld-1.pdf\" type=\"application\/pdf\" style=\"width:100%;height:600px\" aria-label=\"Embed of Sutartis_Mickunuvld-1.\"><\/object><a id=\"wp-block-file--media-a31532e9-ffc8-4fff-b37c-ac225ae95b23\" href=\"https:\/\/www.lopselis.darzelis.mickunai.vilniausr.lm.lt\/wp-content\/uploads\/2023\/08\/Sutartis_Mickunuvld-1.pdf\">Sutartis_Mickunuvld-1<\/a><a href=\"https:\/\/www.lopselis.darzelis.mickunai.vilniausr.lm.lt\/wp-content\/uploads\/2023\/08\/Sutartis_Mickunuvld-1.pdf\" class=\"wp-block-file__button wp-element-button\" download aria-describedby=\"wp-block-file--media-a31532e9-ffc8-4fff-b37c-ac225ae95b23\">Download<\/a><\/div>\n\n\n\n<p>2. Nepriklausomo elektros tiek\u0117jo pirkimo sutartis<\/p>\n\n\n\n<div data-wp-interactive=\"core\/file\" class=\"wp-block-file\"><object data-wp-bind--hidden=\"!state.hasPdfPreview\" hidden class=\"wp-block-file__embed\" data=\"https:\/\/www.lopselis.darzelis.mickunai.vilniausr.lm.lt\/wp-content\/uploads\/2023\/08\/Sutartis_Mickunuvld-4-1.pdf\" type=\"application\/pdf\" style=\"width:100%;height:600px\" aria-label=\"Embed of Sutartis_Mickunuvld-4-1.\"><\/object><a id=\"wp-block-file--media-a8027d7e-cb0f-4693-ad04-d4a699b79416\" href=\"https:\/\/www.lopselis.darzelis.mickunai.vilniausr.lm.lt\/wp-content\/uploads\/2023\/08\/Sutartis_Mickunuvld-4-1.pdf\">Sutartis_Mickunuvld-4-1<\/a><a href=\"https:\/\/www.lopselis.darzelis.mickunai.vilniausr.lm.lt\/wp-content\/uploads\/2023\/08\/Sutartis_Mickunuvld-4-1.pdf\" class=\"wp-block-file__button wp-element-button\" download aria-describedby=\"wp-block-file--media-a8027d7e-cb0f-4693-ad04-d4a699b79416\">Download<\/a><\/div>\n\n\n\n<p>3. Popieriaus pirkimo sutartis<\/p>\n\n\n\n<div data-wp-interactive=\"core\/file\" class=\"wp-block-file\"><object data-wp-bind--hidden=\"!state.hasPdfPreview\" hidden class=\"wp-block-file__embed\" data=\"https:\/\/www.lopselis.darzelis.mickunai.vilniausr.lm.lt\/wp-content\/uploads\/2023\/08\/doc00034220230516104645c.pdf\" type=\"application\/pdf\" style=\"width:100%;height:600px\" aria-label=\"Embed of doc00034220230516104645c.\"><\/object><a id=\"wp-block-file--media-7e7cf76e-6133-41ce-ae2e-1ccf91c263fe\" href=\"https:\/\/www.lopselis.darzelis.mickunai.vilniausr.lm.lt\/wp-content\/uploads\/2023\/08\/doc00034220230516104645c.pdf\">doc00034220230516104645c<\/a><a href=\"https:\/\/www.lopselis.darzelis.mickunai.vilniausr.lm.lt\/wp-content\/uploads\/2023\/08\/doc00034220230516104645c.pdf\" class=\"wp-block-file__button wp-element-button\" download aria-describedby=\"wp-block-file--media-7e7cf76e-6133-41ce-ae2e-1ccf91c263fe\">Download<\/a><\/div>\n","protected":false},"excerpt":{"rendered":"<p>1. Prek\u0117s, paslaugos, darbai perkami&nbsp; ne per CPO, o savaranki\u0161kai, nes sutarties vert\u0117 iki 10000 Eur be PVM. 2. Prekes, &hellip; <a href=\"https:\/\/www.lopselis.darzelis.mickunai.vilniausr.lm.lt\/?page_id=1841\" class=\"more-link\"><span class=\"more-button\">Continue Reading<span class=\"screen-reader-text\">Vie\u0161\u0173j\u0173 pirkim\u0173 taisykl\u0117s<\/span><\/span><\/a><\/p>\n","protected":false},"author":1,"featured_media":0,"parent":0,"menu_order":0,"comment_status":"open","ping_status":"open","template":"","meta":{"ngg_post_thumbnail":0,"footnotes":""},"class_list":["post-1841","page","type-page","status-publish","hentry"],"_links":{"self":[{"href":"https:\/\/www.lopselis.darzelis.mickunai.vilniausr.lm.lt\/index.php?rest_route=\/wp\/v2\/pages\/1841","targetHints":{"allow":["GET"]}}],"collection":[{"href":"https:\/\/www.lopselis.darzelis.mickunai.vilniausr.lm.lt\/index.php?rest_route=\/wp\/v2\/pages"}],"about":[{"href":"https:\/\/www.lopselis.darzelis.mickunai.vilniausr.lm.lt\/index.php?rest_route=\/wp\/v2\/types\/page"}],"author":[{"embeddable":true,"href":"https:\/\/www.lopselis.darzelis.mickunai.vilniausr.lm.lt\/index.php?rest_route=\/wp\/v2\/users\/1"}],"replies":[{"embeddable":true,"href":"https:\/\/www.lopselis.darzelis.mickunai.vilniausr.lm.lt\/index.php?rest_route=%2Fwp%2Fv2%2Fcomments&post=1841"}],"version-history":[{"count":6,"href":"https:\/\/www.lopselis.darzelis.mickunai.vilniausr.lm.lt\/index.php?rest_route=\/wp\/v2\/pages\/1841\/revisions"}],"predecessor-version":[{"id":6894,"href":"https:\/\/www.lopselis.darzelis.mickunai.vilniausr.lm.lt\/index.php?rest_route=\/wp\/v2\/pages\/1841\/revisions\/6894"}],"wp:attachment":[{"href":"https:\/\/www.lopselis.darzelis.mickunai.vilniausr.lm.lt\/index.php?rest_route=%2Fwp%2Fv2%2Fmedia&parent=1841"}],"curies":[{"name":"wp","href":"https:\/\/api.w.org\/{rel}","templated":true}]}}