{"id":2646,"date":"2016-09-21T07:59:27","date_gmt":"2016-09-21T07:59:27","guid":{"rendered":"https:\/\/www.lopselis.darzelis.mickunai.vilniausr.lm.lt\/?page_id=2646"},"modified":"2025-02-11T14:10:08","modified_gmt":"2025-02-11T12:10:08","slug":"tvarkos","status":"publish","type":"page","link":"https:\/\/www.lopselis.darzelis.mickunai.vilniausr.lm.lt\/?page_id=2646","title":{"rendered":"Tvarkos"},"content":{"rendered":"<p><span style=\"color: #000000;\"><strong><a href=\"https:\/\/www.lopselis.darzelis.mickunai.vilniausr.lm.lt\/?attachment_id=4493\" rel=\"attachment wp-att-4493\">Vaik\u0173 ugdymas karantino metu<\/a><\/strong><\/span><\/p>\n<p><span style=\"color: #000000;\"><strong><a style=\"color: #000000;\" href=\"https:\/\/www.lopselis.darzelis.mickunai.vilniausr.lm.lt\/wp-content\/uploads\/2016\/09\/Ekskursij\u0173-organizavimo-tvarka.pdf\">Rengini\u0173 ir ekskursij\u0173 organizavimo tvarka<\/a><\/strong><\/span><\/p>\n<p><span style=\"color: #000000;\"><strong><a style=\"color: #000000;\" href=\"https:\/\/www.lopselis.darzelis.mickunai.vilniausr.lm.lt\/wp-content\/uploads\/2016\/09\/Apr\u016bpinimo-mokymo-priemon\u0117mis-tvarka.pdf\">Mokymo priemoni\u0173 \u012fsigijimo tvarka<\/a><\/strong><\/span><\/p>\n<p><span style=\"color: #000000;\"><strong><a style=\"color: #000000;\" href=\"https:\/\/www.lopselis.darzelis.mickunai.vilniausr.lm.lt\/wp-content\/uploads\/2016\/09\/Kvalifikacijos-tobulinimo-tvarka.pdf\">Specialist\u0173 ir pedagog\u0173 kvalifikacijos tobulinimo tvarka<\/a><\/strong><\/span><\/p>\n<p><span style=\"color: #000000;\"><strong><a style=\"color: #000000;\" href=\"https:\/\/www.lopselis.darzelis.mickunai.vilniausr.lm.lt\/wp-content\/uploads\/2016\/09\/Materialiniu-vertybiu-priemimo-saugojimo-sandeliavimo-bei-isdavimo-tvarka.pdf\">Materialiniu-vertybiu-priemimo-saugojimo-sandeliavimo-bei-isdavimo-tvarka<\/a><\/strong><\/span><\/p>\n<p><span style=\"color: #000000;\"><strong><a style=\"color: #000000;\" href=\"https:\/\/www.lopselis.darzelis.mickunai.vilniausr.lm.lt\/wp-content\/uploads\/2016\/09\/Pirmosios-pagalbos-organizavimo-tvarka.pdf\">Pirmosios pagalbos organizavimo tvarka<\/a><\/strong><\/span><\/p>\n<p><span style=\"color: #000000;\"><strong><a style=\"color: #000000;\" href=\"https:\/\/www.lopselis.darzelis.mickunai.vilniausr.lm.lt\/wp-content\/uploads\/2016\/09\/infromavimo-d\u0117l-traum\u0173-ir-umi\u0173-susirgim\u0173-tvarka.pdf\">Informavimo d\u0117l traum\u0173 ir umi\u0173 susirgim\u0173 tvarka<\/a><\/strong><\/span><\/p>\n<p><span style=\"color: #000000;\"><strong><a style=\"color: #000000;\" href=\"https:\/\/www.lopselis.darzelis.mickunai.vilniausr.lm.lt\/wp-content\/uploads\/2016\/09\/Vaik\u0173-ap\u017ei\u016bros-d\u0117l-asmens-higienos-ir-lig\u0173-tvarka.pdf\">Vaik\u0173 ap\u017ei\u016bros d\u0117l asmens higienos ir lig\u0173 tvarka<\/a><\/strong><\/span><\/p>\n<p><span style=\"color: #000000;\"><strong><a style=\"color: #000000;\" href=\"https:\/\/www.lopselis.darzelis.mickunai.vilniausr.lm.lt\/wp-content\/uploads\/2016\/09\/Vaistai-dar\u017eelyje.pdf\">Vaistai dar\u017eelyje<\/a><\/strong><\/span><\/p>\n<\/p>\n<\/p>\n\n\n<div class=\"wp-block-file\"><a id=\"wp-block-file--media-0f5967a4-b16c-4cd4-b60c-786116ff52a3\" href=\"https:\/\/www.lopselis.darzelis.mickunai.vilniausr.lm.lt\/wp-content\/uploads\/2025\/02\/teiseto-darbo-su-vaikais-kodo-qr-kodo-isdavimo-galiojimo-ir-tikrinimo-tvarkos-aprasaspdf1.docx\"><strong>Teiseto-darbo-su-vaikais-kodo-qr-kodo-isdavimo-galiojimo-ir-tikrinimo-tvarkos-aprasaspdf1<\/strong><\/a><a href=\"https:\/\/www.lopselis.darzelis.mickunai.vilniausr.lm.lt\/wp-content\/uploads\/2025\/02\/teiseto-darbo-su-vaikais-kodo-qr-kodo-isdavimo-galiojimo-ir-tikrinimo-tvarkos-aprasaspdf1.docx\" class=\"wp-block-file__button wp-element-button\" download aria-describedby=\"wp-block-file--media-0f5967a4-b16c-4cd4-b60c-786116ff52a3\">Download<\/a><\/div>\n\n\n\n<p><\/p>\n","protected":false},"excerpt":{"rendered":"<p>Vaik\u0173 ugdymas karantino metu Rengini\u0173 ir ekskursij\u0173 organizavimo tvarka Mokymo priemoni\u0173 \u012fsigijimo tvarka Specialist\u0173 ir pedagog\u0173 kvalifikacijos tobulinimo tvarka Materialiniu-vertybiu-priemimo-saugojimo-sandeliavimo-bei-isdavimo-tvarka &hellip; <a href=\"https:\/\/www.lopselis.darzelis.mickunai.vilniausr.lm.lt\/?page_id=2646\" class=\"more-link\"><span class=\"more-button\">Continue Reading<span class=\"screen-reader-text\">Tvarkos<\/span><\/span><\/a><\/p>\n","protected":false},"author":1,"featured_media":0,"parent":2644,"menu_order":3,"comment_status":"open","ping_status":"closed","template":"","meta":{"ngg_post_thumbnail":0,"footnotes":""},"class_list":["post-2646","page","type-page","status-publish","hentry"],"_links":{"self":[{"href":"https:\/\/www.lopselis.darzelis.mickunai.vilniausr.lm.lt\/index.php?rest_route=\/wp\/v2\/pages\/2646","targetHints":{"allow":["GET"]}}],"collection":[{"href":"https:\/\/www.lopselis.darzelis.mickunai.vilniausr.lm.lt\/index.php?rest_route=\/wp\/v2\/pages"}],"about":[{"href":"https:\/\/www.lopselis.darzelis.mickunai.vilniausr.lm.lt\/index.php?rest_route=\/wp\/v2\/types\/page"}],"author":[{"embeddable":true,"href":"https:\/\/www.lopselis.darzelis.mickunai.vilniausr.lm.lt\/index.php?rest_route=\/wp\/v2\/users\/1"}],"replies":[{"embeddable":true,"href":"https:\/\/www.lopselis.darzelis.mickunai.vilniausr.lm.lt\/index.php?rest_route=%2Fwp%2Fv2%2Fcomments&post=2646"}],"version-history":[{"count":4,"href":"https:\/\/www.lopselis.darzelis.mickunai.vilniausr.lm.lt\/index.php?rest_route=\/wp\/v2\/pages\/2646\/revisions"}],"predecessor-version":[{"id":6492,"href":"https:\/\/www.lopselis.darzelis.mickunai.vilniausr.lm.lt\/index.php?rest_route=\/wp\/v2\/pages\/2646\/revisions\/6492"}],"up":[{"embeddable":true,"href":"https:\/\/www.lopselis.darzelis.mickunai.vilniausr.lm.lt\/index.php?rest_route=\/wp\/v2\/pages\/2644"}],"wp:attachment":[{"href":"https:\/\/www.lopselis.darzelis.mickunai.vilniausr.lm.lt\/index.php?rest_route=%2Fwp%2Fv2%2Fmedia&parent=2646"}],"curies":[{"name":"wp","href":"https:\/\/api.w.org\/{rel}","templated":true}]}}