{"id":3060,"date":"2017-06-16T07:57:12","date_gmt":"2017-06-16T07:57:12","guid":{"rendered":"https:\/\/www.lopselis.darzelis.mickunai.vilniausr.lm.lt\/?page_id=3060"},"modified":"2026-02-25T11:33:35","modified_gmt":"2026-02-25T09:33:35","slug":"finansines-ataskaitos","status":"publish","type":"page","link":"https:\/\/www.lopselis.darzelis.mickunai.vilniausr.lm.lt\/?page_id=3060","title":{"rendered":"Finansin\u0117s ataskaitos"},"content":{"rendered":"\n<p><strong>Biud\u017eeto vykdymo ataskaitos, 2025 met\u0173:<\/strong><\/p>\n\n\n\n<div class=\"wp-block-file\"><a id=\"wp-block-file--media-0a06244f-feff-42f2-9c75-7347ec7d644c\" href=\"https:\/\/www.lopselis.darzelis.mickunai.vilniausr.lm.lt\/wp-content\/uploads\/2026\/02\/2025-m.-Aiskinamasis-rastas-prie-Biudzeto-vykdymo-ataskaitu_Mickunu-lopselis-darzelis.docx\">2025 m. Ai\u0161kinamasis ra\u0161tas prie Biud\u017eeto vykdymo ataskait\u0173_Mick\u016bn\u0173 lop\u0161elis-dar\u017eelis<\/a><a href=\"https:\/\/www.lopselis.darzelis.mickunai.vilniausr.lm.lt\/wp-content\/uploads\/2026\/02\/2025-m.-Aiskinamasis-rastas-prie-Biudzeto-vykdymo-ataskaitu_Mickunu-lopselis-darzelis.docx\" class=\"wp-block-file__button wp-element-button\" download aria-describedby=\"wp-block-file--media-0a06244f-feff-42f2-9c75-7347ec7d644c\">Download<\/a><\/div>\n\n\n\n<div class=\"wp-block-file\"><a id=\"wp-block-file--media-1e0d3adc-a54d-4072-b88f-3bd75b1873e3\" href=\"https:\/\/www.lopselis.darzelis.mickunai.vilniausr.lm.lt\/wp-content\/uploads\/2026\/02\/F2-521-4VB2K25-metine-1.xlsx\">F2-521-4VB2K25- metin\u0117 (1)<\/a><a href=\"https:\/\/www.lopselis.darzelis.mickunai.vilniausr.lm.lt\/wp-content\/uploads\/2026\/02\/F2-521-4VB2K25-metine-1.xlsx\" class=\"wp-block-file__button wp-element-button\" download aria-describedby=\"wp-block-file--media-1e0d3adc-a54d-4072-b88f-3bd75b1873e3\">Download<\/a><\/div>\n\n\n\n<div class=\"wp-block-file\"><a id=\"wp-block-file--media-225e15c3-91fb-42f8-8a5b-4f8672117a48\" href=\"https:\/\/www.lopselis.darzelis.mickunai.vilniausr.lm.lt\/wp-content\/uploads\/2026\/02\/F2-521SB-2025-metine-1.xlsx\">F2-521SB-2025 metin\u0117 (1)<\/a><a href=\"https:\/\/www.lopselis.darzelis.mickunai.vilniausr.lm.lt\/wp-content\/uploads\/2026\/02\/F2-521SB-2025-metine-1.xlsx\" class=\"wp-block-file__button wp-element-button\" download aria-describedby=\"wp-block-file--media-225e15c3-91fb-42f8-8a5b-4f8672117a48\">Download<\/a><\/div>\n\n\n\n<div class=\"wp-block-file\"><a id=\"wp-block-file--media-ad85fe3d-ab43-4449-b826-4d310d453abc\" href=\"https:\/\/www.lopselis.darzelis.mickunai.vilniausr.lm.lt\/wp-content\/uploads\/2026\/02\/F2-521BI6-2025-metine-1.xlsx\">F2-521BI6-2025 metin\u0117 (1)<\/a><a href=\"https:\/\/www.lopselis.darzelis.mickunai.vilniausr.lm.lt\/wp-content\/uploads\/2026\/02\/F2-521BI6-2025-metine-1.xlsx\" class=\"wp-block-file__button wp-element-button\" download aria-describedby=\"wp-block-file--media-ad85fe3d-ab43-4449-b826-4d310d453abc\">Download<\/a><\/div>\n\n\n\n<div class=\"wp-block-file\"><a id=\"wp-block-file--media-5b00e439-39d6-4958-a95a-68f9cb51134d\" href=\"https:\/\/www.lopselis.darzelis.mickunai.vilniausr.lm.lt\/wp-content\/uploads\/2026\/02\/F2-521BI7-2025-metine-1.xlsx\">F2-521BI7-2025 metin\u0117 (1)<\/a><a href=\"https:\/\/www.lopselis.darzelis.mickunai.vilniausr.lm.lt\/wp-content\/uploads\/2026\/02\/F2-521BI7-2025-metine-1.xlsx\" class=\"wp-block-file__button wp-element-button\" download aria-describedby=\"wp-block-file--media-5b00e439-39d6-4958-a95a-68f9cb51134d\">Download<\/a><\/div>\n\n\n\n<div class=\"wp-block-file\"><a id=\"wp-block-file--media-cfdd0d01-7c7f-45e6-8067-de4d3d8ecf56\" href=\"https:\/\/www.lopselis.darzelis.mickunai.vilniausr.lm.lt\/wp-content\/uploads\/2026\/02\/F2-521MK-2025-metine-1.xlsx\">F2-521MK-2025 metin\u0117 (1)<\/a><a href=\"https:\/\/www.lopselis.darzelis.mickunai.vilniausr.lm.lt\/wp-content\/uploads\/2026\/02\/F2-521MK-2025-metine-1.xlsx\" class=\"wp-block-file__button wp-element-button\" download aria-describedby=\"wp-block-file--media-cfdd0d01-7c7f-45e6-8067-de4d3d8ecf56\">Download<\/a><\/div>\n\n\n\n<div class=\"wp-block-file\"><a id=\"wp-block-file--media-5f91ab0a-97f6-490e-82a7-0d263fb6e4cf\" href=\"https:\/\/www.lopselis.darzelis.mickunai.vilniausr.lm.lt\/wp-content\/uploads\/2026\/02\/\u201ePriedasNr._3-521-1.xlsx\">\u201ePriedas+Nr._3\u201c 521 (1)<\/a><a href=\"https:\/\/www.lopselis.darzelis.mickunai.vilniausr.lm.lt\/wp-content\/uploads\/2026\/02\/\u201ePriedasNr._3-521-1.xlsx\" class=\"wp-block-file__button wp-element-button\" download aria-describedby=\"wp-block-file--media-5f91ab0a-97f6-490e-82a7-0d263fb6e4cf\">Download<\/a><\/div>\n\n\n\n<p><\/p>\n\n\n\n<p><strong>Biud\u017eeto vykdymo ataskaitos, 2025 m. I ketv.<\/strong><\/p>\n\n\n\n<div data-wp-interactive=\"core\/file\" class=\"wp-block-file\"><object data-wp-bind--hidden=\"!state.hasPdfPreview\" hidden class=\"wp-block-file__embed\" data=\"https:\/\/www.lopselis.darzelis.mickunai.vilniausr.lm.lt\/wp-content\/uploads\/2025\/10\/Finansines-ataskaitos.pdf\" type=\"application\/pdf\" style=\"width:100%;height:600px\" aria-label=\"Embed of Finansin\u0117s ataskaitos.\"><\/object><a id=\"wp-block-file--media-91a46c9d-b480-41dc-8699-05a8d9f7dd5a\" href=\"https:\/\/www.lopselis.darzelis.mickunai.vilniausr.lm.lt\/wp-content\/uploads\/2025\/10\/Finansines-ataskaitos.pdf\">Finansin\u0117s ataskaitos<\/a><a href=\"https:\/\/www.lopselis.darzelis.mickunai.vilniausr.lm.lt\/wp-content\/uploads\/2025\/10\/Finansines-ataskaitos.pdf\" class=\"wp-block-file__button wp-element-button\" download aria-describedby=\"wp-block-file--media-91a46c9d-b480-41dc-8699-05a8d9f7dd5a\">Download<\/a><\/div>\n\n\n\n<div data-wp-interactive=\"core\/file\" class=\"wp-block-file\"><object data-wp-bind--hidden=\"!state.hasPdfPreview\" hidden class=\"wp-block-file__embed\" data=\"https:\/\/www.lopselis.darzelis.mickunai.vilniausr.lm.lt\/wp-content\/uploads\/2025\/04\/Vilniaus-r.-Mickunu-vaiku-l.d.-ataskaitos.pdf\" type=\"application\/pdf\" style=\"width:100%;height:600px\" aria-label=\"Embed of Vilniaus r. Mick\u016bn\u0173 vaik\u0173 l.d. ataskaitos.\"><\/object><a id=\"wp-block-file--media-8f511575-19e2-49ff-ab26-82414fad2fc6\" href=\"https:\/\/www.lopselis.darzelis.mickunai.vilniausr.lm.lt\/wp-content\/uploads\/2025\/04\/Vilniaus-r.-Mickunu-vaiku-l.d.-ataskaitos.pdf\">Vilniaus r. Mick\u016bn\u0173 vaik\u0173 l.d. ataskaitos<\/a><a href=\"https:\/\/www.lopselis.darzelis.mickunai.vilniausr.lm.lt\/wp-content\/uploads\/2025\/04\/Vilniaus-r.-Mickunu-vaiku-l.d.-ataskaitos.pdf\" class=\"wp-block-file__button wp-element-button\" download aria-describedby=\"wp-block-file--media-8f511575-19e2-49ff-ab26-82414fad2fc6\">Download<\/a><\/div>\n\n\n<p>Pateikiame susipa\u017einimui 2024 m. finansin\u0119 \u012fstaigos ataskait\u0105<\/p>\n<p>&nbsp;<\/p>\n<p>&nbsp;<\/p>\n<p><strong>Pateikiame susipa\u017einimui 2023 m. finansin\u0119 \u012fstaigos ataskait\u0105<\/strong><\/p>\n<p><a href=\"https:\/\/acrobat.adobe.com\/id\/urn:aaid:sc:EU:a9cdbdb1-7152-45d6-ae50-5e616e417a1f\">https:\/\/acrobat.adobe.com\/id\/urn:aaid:sc:EU:a9cdbdb1-7152-45d6-ae50-5e616e417a1f<\/a><\/p>\n<p><strong>Pateikiame susipa\u017einimui 2020 m. finansin\u0119 \u012fstaigos ataskait\u0105<\/strong><\/p>\n<p><a href=\"https:\/\/www.lopselis.darzelis.mickunai.vilniausr.lm.lt\/?attachment_id=4876\" rel=\"attachment wp-att-4876\">Finansin\u0117 ataskaita 2020 m.<\/a><\/p>\n<p><strong>Finansin\u0117 ataskaita 2021 m<\/strong>. <a href=\"https:\/\/drive.google.com\/file\/d\/1561UWW24bsUCvPtAnCup5t6KTG8t8oJe\/view\">https:\/\/drive.google.com\/file\/d\/1561UWW24bsUCvPtAnCup5t6KTG8t8oJe\/view<\/a><\/p>\n<p><strong>Finansin\u0117 ataskaita 2022 m.&nbsp;<\/strong><\/p>\n<p><a href=\"https:\/\/drive.google.com\/file\/d\/1PyxpS4eCQPlwG8OLlMwegzwGqCoep6_2\/view?usp=sharing\">https:\/\/drive.google.com\/file\/d\/1PyxpS4eCQPlwG8OLlMwegzwGqCoep6_2\/view?usp=sharing<\/a><\/p>\n\n\n<p><strong>Biud\u017eeto vykdymo ataskaitos 2021 m. I-II ketv.<\/strong><\/p>\n\n\n\n<div class=\"wp-block-file\"><a id=\"wp-block-file--media-c8b135d6-cf15-4204-854e-226e1b2b4bfb\" href=\"https:\/\/www.lopselis.darzelis.mickunai.vilniausr.lm.lt\/wp-content\/uploads\/2021\/07\/F2-521BI6-2K.pdf\">F2-521BI6-2K<\/a><a href=\"https:\/\/www.lopselis.darzelis.mickunai.vilniausr.lm.lt\/wp-content\/uploads\/2021\/07\/F2-521BI6-2K.pdf\" class=\"wp-block-file__button wp-element-button\" download aria-describedby=\"wp-block-file--media-c8b135d6-cf15-4204-854e-226e1b2b4bfb\">Download<\/a><\/div>\n\n\n\n<div class=\"wp-block-file\"><a id=\"wp-block-file--media-23bad763-d7d9-441e-ab88-ed845b33c7a0\" href=\"https:\/\/www.lopselis.darzelis.mickunai.vilniausr.lm.lt\/wp-content\/uploads\/2021\/07\/F2-521MK-2K.pdf\">F2-521MK-2K<\/a><a href=\"https:\/\/www.lopselis.darzelis.mickunai.vilniausr.lm.lt\/wp-content\/uploads\/2021\/07\/F2-521MK-2K.pdf\" class=\"wp-block-file__button wp-element-button\" download aria-describedby=\"wp-block-file--media-23bad763-d7d9-441e-ab88-ed845b33c7a0\">Download<\/a><\/div>\n\n\n\n<div class=\"wp-block-file\"><a id=\"wp-block-file--media-7d2050eb-3224-4df1-a795-dad8472a0d9f\" href=\"https:\/\/www.lopselis.darzelis.mickunai.vilniausr.lm.lt\/wp-content\/uploads\/2021\/07\/F2-521BI7-2K.pdf\">F2-521BI7-2K<\/a><a href=\"https:\/\/www.lopselis.darzelis.mickunai.vilniausr.lm.lt\/wp-content\/uploads\/2021\/07\/F2-521BI7-2K.pdf\" class=\"wp-block-file__button wp-element-button\" download aria-describedby=\"wp-block-file--media-7d2050eb-3224-4df1-a795-dad8472a0d9f\">Download<\/a><\/div>\n\n\n\n<div class=\"wp-block-file\"><a id=\"wp-block-file--media-e6a28c02-4289-43c2-9d7a-e144bb341534\" href=\"https:\/\/www.lopselis.darzelis.mickunai.vilniausr.lm.lt\/wp-content\/uploads\/2021\/07\/F2-521SB-2K.pdf\">F2-521SB-2K<\/a><a href=\"https:\/\/www.lopselis.darzelis.mickunai.vilniausr.lm.lt\/wp-content\/uploads\/2021\/07\/F2-521SB-2K.pdf\" class=\"wp-block-file__button wp-element-button\" download aria-describedby=\"wp-block-file--media-e6a28c02-4289-43c2-9d7a-e144bb341534\">Download<\/a><\/div>\n","protected":false},"excerpt":{"rendered":"<p>Biud\u017eeto vykdymo ataskaitos, 2025 met\u0173: Biud\u017eeto vykdymo ataskaitos, 2025 m. I ketv. Pateikiame susipa\u017einimui 2024 m. finansin\u0119 \u012fstaigos ataskait\u0105 &nbsp; &hellip; <a href=\"https:\/\/www.lopselis.darzelis.mickunai.vilniausr.lm.lt\/?page_id=3060\" class=\"more-link\"><span class=\"more-button\">Continue Reading<span class=\"screen-reader-text\">Finansin\u0117s ataskaitos<\/span><\/span><\/a><\/p>\n","protected":false},"author":1,"featured_media":0,"parent":93,"menu_order":2,"comment_status":"closed","ping_status":"closed","template":"","meta":{"ngg_post_thumbnail":0,"footnotes":""},"class_list":["post-3060","page","type-page","status-publish","hentry"],"_links":{"self":[{"href":"https:\/\/www.lopselis.darzelis.mickunai.vilniausr.lm.lt\/index.php?rest_route=\/wp\/v2\/pages\/3060","targetHints":{"allow":["GET"]}}],"collection":[{"href":"https:\/\/www.lopselis.darzelis.mickunai.vilniausr.lm.lt\/index.php?rest_route=\/wp\/v2\/pages"}],"about":[{"href":"https:\/\/www.lopselis.darzelis.mickunai.vilniausr.lm.lt\/index.php?rest_route=\/wp\/v2\/types\/page"}],"author":[{"embeddable":true,"href":"https:\/\/www.lopselis.darzelis.mickunai.vilniausr.lm.lt\/index.php?rest_route=\/wp\/v2\/users\/1"}],"replies":[{"embeddable":true,"href":"https:\/\/www.lopselis.darzelis.mickunai.vilniausr.lm.lt\/index.php?rest_route=%2Fwp%2Fv2%2Fcomments&post=3060"}],"version-history":[{"count":14,"href":"https:\/\/www.lopselis.darzelis.mickunai.vilniausr.lm.lt\/index.php?rest_route=\/wp\/v2\/pages\/3060\/revisions"}],"predecessor-version":[{"id":7314,"href":"https:\/\/www.lopselis.darzelis.mickunai.vilniausr.lm.lt\/index.php?rest_route=\/wp\/v2\/pages\/3060\/revisions\/7314"}],"up":[{"embeddable":true,"href":"https:\/\/www.lopselis.darzelis.mickunai.vilniausr.lm.lt\/index.php?rest_route=\/wp\/v2\/pages\/93"}],"wp:attachment":[{"href":"https:\/\/www.lopselis.darzelis.mickunai.vilniausr.lm.lt\/index.php?rest_route=%2Fwp%2Fv2%2Fmedia&parent=3060"}],"curies":[{"name":"wp","href":"https:\/\/api.w.org\/{rel}","templated":true}]}}