{"id":3561,"date":"2018-08-23T06:41:19","date_gmt":"2018-08-23T06:41:19","guid":{"rendered":"https:\/\/www.lopselis.darzelis.mickunai.vilniausr.lm.lt\/?page_id=3561"},"modified":"2025-03-28T13:17:33","modified_gmt":"2025-03-28T11:17:33","slug":"asmens-duomenu-apsauga","status":"publish","type":"page","link":"https:\/\/www.lopselis.darzelis.mickunai.vilniausr.lm.lt\/?page_id=3561","title":{"rendered":"Asmens duomen\u0173 apsauga"},"content":{"rendered":"\n<p>ASMENS DUOMEN\u0172 APSAUGOS PAREIG\u016aNAS<\/p>\n\n\n\n<p>\u012egyvendinant Bendrojo duomen\u0173 apsaugos reglamento reikalavimus Vilniaus r. Mick\u016bn\u0173 vaik\u0173 lop\u0161elio-dar\u017eelio Duomen\u0173 apsaugos pareig\u016bnu paskirta mokytoja Ana \u0160abanovi\u010d<br>\u00a0<br>Duomen\u0173 apsaugos pareig\u016bnas vykdo u\u017eduotis, vadovaudamasis 2016 m. baland\u017eio 27 d. Europos Parlamento ir Tarybos reglamento (ES) Nr. 2016\/679 d\u0117l fizini\u0173 asmen\u0173 apsaugos tvarkant asmens duomenis ir d\u0117l laisvo toki\u0173 duomen\u0173 jud\u0117jimo ir kuriuo panaikinama Direktyva 95\/46\/EB (Bendrasis duomen\u0173 apsaugos reglamentas) 39 straipsniu.<br>\u00a0<br>Duomen\u0173 apsaugos pareig\u016bnas, vykdydamas savo u\u017eduotis, tinkamai \u012fvertina dar\u017eelyje su duomen\u0173 tvarkymo operacijomis susijus\u012f pavoj\u0173, atsi\u017evelgdamas \u012f duomen\u0173 tvarkymo pob\u016bd\u012f, apr\u0117pt\u012f, kontekst\u0105 ir tikslus. Asmenys (duomen\u0173 subjektai) visais klausimais, susijusiais su j\u0173 asmens duomen\u0173 tvarkymu ir naudojimusi savo teis\u0117mis pagal Bendr\u0105j\u012f duomen\u0173 apsaugos reglament\u0105,\u00a0gali kreiptis \u012f Vilniaus r. Mick\u016bn\u0173 vaik\u0173 lop\u0161elio-dar\u017eelio duomen\u0173 apsaugos pareig\u016bn\u0105 \u2013 mokytoj\u0105, An\u0105 \u0160abanovi\u010d, tel. (0 5) 2766795, el. pa\u0161tu<br><a href=\"mailto:duomenu.apsauga@lopselis.darzelis.mickunai.vilniausr.lm.lt\" target=\"_blank\" rel=\"noreferrer noopener\"><a href=\"mailto:duomenu.apsauga@mickunuvld.vilniausr.lm.lt\" target=\"_blank\" rel=\"noreferrer noopener\">duomenu.apsauga@mickunuvld.vilniausr.lm.lt<\/a>\u00a0<\/a>, Jaunimo g. 14, Mick\u016bnai, Vilniaus r.<\/p>\n\n\n\n<p> <br><a rel=\"noreferrer noopener\" href=\"https:\/\/eur-lex.europa.eu\/legal-content\/LT\/TXT\/PDF\/?uri=CELEX:32016R0679&amp;from=LT\" target=\"_blank\">2016 m. baland\u017eio 27 d. Europos Parlamento ir Tarybos reglamento (ES) 2016\/679 d\u0117l fizini\u0173 asmen\u0173 apsaugos tvarkant asmens duomenis ir d\u0117l laisvo toki\u0173 duomen\u0173 jud\u0117jimo ir kuriuo panaikinama Direktyva 95\/46\/EB<\/a> <a href=\"https:\/\/eur-lex.europa.eu\/legal-content\/LT\/TXT\/PDF\/?uri=CELEX:32016R0679&amp;from=LT\">h<\/a><\/p>\n\n\n\n<p> <a rel=\"noreferrer noopener\" href=\"https:\/\/www.e-tar.lt\/portal\/lt\/legalActEditions\/TAR.5368B592234C?faces-redirect=true\" target=\"_blank\">Lietuvos Respublikos asmens duomen\u0173 teisin\u0117s apsaugos \u012fstatymas<\/a> <\/p>\n\n\n\n<div class=\"wp-block-file\"><a id=\"wp-block-file--media-e87682b4-aaae-471a-8a3d-6ffb84aeed77\" href=\"https:\/\/www.lopselis.darzelis.mickunai.vilniausr.lm.lt\/wp-content\/uploads\/2021\/06\/Asmens-duomenu-tvarkymo-taisykles.pdf\">Asmens duomenu tvarkymo taisykles<\/a><a href=\"https:\/\/www.lopselis.darzelis.mickunai.vilniausr.lm.lt\/wp-content\/uploads\/2021\/06\/Asmens-duomenu-tvarkymo-taisykles.pdf\" class=\"wp-block-file__button wp-element-button\" download aria-describedby=\"wp-block-file--media-e87682b4-aaae-471a-8a3d-6ffb84aeed77\">Download<\/a><\/div>\n\n\n\n<div class=\"wp-block-file\"><a id=\"wp-block-file--media-73e73aac-b002-4fb0-8439-4ad0349d6377\" href=\"https:\/\/www.lopselis.darzelis.mickunai.vilniausr.lm.lt\/wp-content\/uploads\/2021\/05\/4-Priedas-Privatumo-politika-darzelis.docx.pdf\">Privatumo-politika-darzelis.docx<\/a><a href=\"https:\/\/www.lopselis.darzelis.mickunai.vilniausr.lm.lt\/wp-content\/uploads\/2021\/05\/4-Priedas-Privatumo-politika-darzelis.docx.pdf\" class=\"wp-block-file__button wp-element-button\" download aria-describedby=\"wp-block-file--media-73e73aac-b002-4fb0-8439-4ad0349d6377\">Download<br><\/a><\/div>\n\n\n\n<div class=\"wp-block-file\"><a id=\"wp-block-file--media-cce42139-553f-41d9-a4c5-1123d1e14bc7\" href=\"https:\/\/www.lopselis.darzelis.mickunai.vilniausr.lm.lt\/wp-content\/uploads\/2021\/05\/15-Priedas-Duomenu-subjektu-teisiu-igyvendinimo-tvarka-darz.docx.pdf\">Duomen\u0173-subjekt\u0173 teisi\u0173-\u012fgyvendinimo tvarka-darz.docx<\/a><a href=\"https:\/\/www.lopselis.darzelis.mickunai.vilniausr.lm.lt\/wp-content\/uploads\/2021\/05\/15-Priedas-Duomenu-subjektu-teisiu-igyvendinimo-tvarka-darz.docx.pdf\" class=\"wp-block-file__button wp-element-button\" download aria-describedby=\"wp-block-file--media-cce42139-553f-41d9-a4c5-1123d1e14bc7\">Download<\/a><\/div>\n\n\n\n<div class=\"wp-block-file\"><a id=\"wp-block-file--media-6a60db9b-35ba-4696-b043-a6bc2dfb19a5\" href=\"https:\/\/www.lopselis.darzelis.mickunai.vilniausr.lm.lt\/wp-content\/uploads\/2025\/03\/7-Priedas-Vaizdo-duomenu-tvarkymo-taisykles-darz.docx\">7 Priedas-Vaizdo-duomenu-tvarkymo-taisykles-darz<\/a><a href=\"https:\/\/www.lopselis.darzelis.mickunai.vilniausr.lm.lt\/wp-content\/uploads\/2025\/03\/7-Priedas-Vaizdo-duomenu-tvarkymo-taisykles-darz.docx\" class=\"wp-block-file__button wp-element-button\" download aria-describedby=\"wp-block-file--media-6a60db9b-35ba-4696-b043-a6bc2dfb19a5\">Download<\/a><\/div>\n","protected":false},"excerpt":{"rendered":"<p>ASMENS DUOMEN\u0172 APSAUGOS PAREIG\u016aNAS \u012egyvendinant Bendrojo duomen\u0173 apsaugos reglamento reikalavimus Vilniaus r. Mick\u016bn\u0173 vaik\u0173 lop\u0161elio-dar\u017eelio Duomen\u0173 apsaugos pareig\u016bnu paskirta mokytoja &hellip; <a href=\"https:\/\/www.lopselis.darzelis.mickunai.vilniausr.lm.lt\/?page_id=3561\" class=\"more-link\"><span class=\"more-button\">Continue Reading<span class=\"screen-reader-text\">Asmens duomen\u0173 apsauga<\/span><\/span><\/a><\/p>\n","protected":false},"author":1,"featured_media":0,"parent":0,"menu_order":3,"comment_status":"closed","ping_status":"closed","template":"","meta":{"ngg_post_thumbnail":0,"footnotes":""},"class_list":["post-3561","page","type-page","status-publish","hentry"],"_links":{"self":[{"href":"https:\/\/www.lopselis.darzelis.mickunai.vilniausr.lm.lt\/index.php?rest_route=\/wp\/v2\/pages\/3561","targetHints":{"allow":["GET"]}}],"collection":[{"href":"https:\/\/www.lopselis.darzelis.mickunai.vilniausr.lm.lt\/index.php?rest_route=\/wp\/v2\/pages"}],"about":[{"href":"https:\/\/www.lopselis.darzelis.mickunai.vilniausr.lm.lt\/index.php?rest_route=\/wp\/v2\/types\/page"}],"author":[{"embeddable":true,"href":"https:\/\/www.lopselis.darzelis.mickunai.vilniausr.lm.lt\/index.php?rest_route=\/wp\/v2\/users\/1"}],"replies":[{"embeddable":true,"href":"https:\/\/www.lopselis.darzelis.mickunai.vilniausr.lm.lt\/index.php?rest_route=%2Fwp%2Fv2%2Fcomments&post=3561"}],"version-history":[{"count":23,"href":"https:\/\/www.lopselis.darzelis.mickunai.vilniausr.lm.lt\/index.php?rest_route=\/wp\/v2\/pages\/3561\/revisions"}],"predecessor-version":[{"id":6620,"href":"https:\/\/www.lopselis.darzelis.mickunai.vilniausr.lm.lt\/index.php?rest_route=\/wp\/v2\/pages\/3561\/revisions\/6620"}],"wp:attachment":[{"href":"https:\/\/www.lopselis.darzelis.mickunai.vilniausr.lm.lt\/index.php?rest_route=%2Fwp%2Fv2%2Fmedia&parent=3561"}],"curies":[{"name":"wp","href":"https:\/\/api.w.org\/{rel}","templated":true}]}}