{"id":6429,"date":"2025-02-05T10:38:41","date_gmt":"2025-02-05T08:38:41","guid":{"rendered":"https:\/\/www.lopselis.darzelis.mickunai.vilniausr.lm.lt\/?page_id=6429"},"modified":"2025-02-05T11:01:16","modified_gmt":"2025-02-05T09:01:16","slug":"sveikatos-prieziura","status":"publish","type":"page","link":"https:\/\/www.lopselis.darzelis.mickunai.vilniausr.lm.lt\/?page_id=6429","title":{"rendered":"Sveikatos prie\u017ei\u016bra"},"content":{"rendered":"\n<p class=\"has-yellow-background-color has-background\">Sveikatos prie\u017ei\u016bros lop\u0161elyje-dar\u017eelyje paskirtis \u2212 saugoti ir stiprinti mokini\u0173 sveikat\u0105, aktyviai bendradarbiaujant su j\u0173 t\u0117vais (glob\u0117jais).<\/p>\n\n\n\n<p class=\"has-yellow-background-color has-background\">Lop\u0161elyje-dar\u017eelyje nuo 2025 m. sausio m\u0117n. paslaugas teikia mobilus visuomen\u0117s sveikatos specialistas. Mobilios paslaugos bus teikiamos iki tol, kol bus rastas ir paskirtas nuolatinis visuomen\u0117s sveikatos specialistas.<\/p>\n\n\n\n<p class=\"has-yellow-background-color has-background\">Mobilus visuomen\u0117s sveikatos specialistas atliks \u0161ias pagrindines funkcijas:<\/p>\n\n\n\n<ul class=\"wp-block-list\">\n<li>tvarkys ir analizuos mokinio sveikatos duomenis;<\/li>\n\n\n\n<li>teiks sveikatos \u017einias mokyklos bendruomenei apie sveikatos i\u0161saugojim\u0105 bei sveikatos stiprinimo b\u016bdus, mokys pritaikyti jas prakti\u0161kai;<\/li>\n\n\n\n<li>tikrins mokini\u0173 asmens higien\u0105 pedikulioz\u0117s atveju;<\/li>\n\n\n\n<li>konsultuos mokyklos darbuotojus, atsakingus u\u017e mokini\u0173 maitinim\u0105, sveikos mitybos ir maisto saugos klausimais;<\/li>\n\n\n\n<li>konsultuos kitais, su visuomen\u0117s sveikata susijusiais klausimais.<\/li>\n<\/ul>\n\n\n\n<p>Lop\u0161elyje-dar\u017eelyje paslaugas teiks visuomen\u0117s sveikatos specialist\u0117, vykdanti sveikatos prie\u017ei\u016br\u0105 mokykloje Ana Kaverkinien\u0117, t<strong>el. Nr. +370 640 01706,<\/strong> el. pa\u0161tas:<strong> ana.kaverkiniene@vrvsb.lt<\/strong><\/p>\n\n\n\n<div class=\"wp-block-group is-vertical is-layout-flex wp-container-core-group-is-layout-8cf370e7 wp-block-group-is-layout-flex\">\n<p><strong>Specialist\u0117s darbo laikas:<\/strong><\/p>\n\n\n\n<p>Pirmadienis 7:30-13:30;<\/p>\n\n\n\n<p>Antradienis 7:30-15:00;<\/p>\n\n\n\n<p>Tre\u010diadienis 7:30-14:30;<\/p>\n\n\n\n<p>Ketvirtadienis 7:30-14:30;<\/p>\n\n\n\n<p>Penktadienis 7:30-14:30.<\/p>\n<\/div>\n\n\n\n<p><strong>Sveikatos prie\u017ei\u016bra \u012fstaigoje vykdoma remiantis \u0161iais teis\u0117s aktais:<\/strong><\/p>\n\n\n\n<p><strong><a href=\"https:\/\/www.lopselis.darzelis.mickunai.vilniausr.lm.lt\/wp-content\/uploads\/2016\/09\/Pirmosios-pagalbos-organizavimo-tvarka.pdf\">Pirmosios pagalbos organizavimo tvarka<\/a><\/strong><\/p>\n\n\n\n<p><strong><a href=\"https:\/\/www.lopselis.darzelis.mickunai.vilniausr.lm.lt\/wp-content\/uploads\/2016\/09\/infromavimo-d%C4%97l-traum%C5%B3-ir-umi%C5%B3-susirgim%C5%B3-tvarka.pdf\">Informavimo d\u0117l traum\u0173 ir umi\u0173 susirgim\u0173 tvarka<\/a><\/strong><\/p>\n\n\n\n<p><strong><a href=\"https:\/\/www.lopselis.darzelis.mickunai.vilniausr.lm.lt\/wp-content\/uploads\/2016\/09\/Vaik%C5%B3-ap%C5%BEi%C5%ABros-d%C4%97l-asmens-higienos-ir-lig%C5%B3-tvarka.pdf\">Vaik\u0173 ap\u017ei\u016bros d\u0117l asmens higienos ir lig\u0173 tvarka<\/a><\/strong><\/p>\n\n\n\n<p><strong><a href=\"https:\/\/www.lopselis.darzelis.mickunai.vilniausr.lm.lt\/wp-content\/uploads\/2016\/09\/Vaistai-dar%C5%BEelyje.pdf\">Vaistai dar\u017eelyje<\/a><\/strong><\/p>\n","protected":false},"excerpt":{"rendered":"<p>Sveikatos prie\u017ei\u016bros lop\u0161elyje-dar\u017eelyje paskirtis \u2212 saugoti ir stiprinti mokini\u0173 sveikat\u0105, aktyviai bendradarbiaujant su j\u0173 t\u0117vais (glob\u0117jais). Lop\u0161elyje-dar\u017eelyje nuo 2025 m. &hellip; <a href=\"https:\/\/www.lopselis.darzelis.mickunai.vilniausr.lm.lt\/?page_id=6429\" class=\"more-link\"><span class=\"more-button\">Continue Reading<span class=\"screen-reader-text\">Sveikatos prie\u017ei\u016bra<\/span><\/span><\/a><\/p>\n","protected":false},"author":1,"featured_media":0,"parent":0,"menu_order":0,"comment_status":"closed","ping_status":"closed","template":"","meta":{"ngg_post_thumbnail":0,"footnotes":""},"class_list":["post-6429","page","type-page","status-publish","hentry"],"_links":{"self":[{"href":"https:\/\/www.lopselis.darzelis.mickunai.vilniausr.lm.lt\/index.php?rest_route=\/wp\/v2\/pages\/6429","targetHints":{"allow":["GET"]}}],"collection":[{"href":"https:\/\/www.lopselis.darzelis.mickunai.vilniausr.lm.lt\/index.php?rest_route=\/wp\/v2\/pages"}],"about":[{"href":"https:\/\/www.lopselis.darzelis.mickunai.vilniausr.lm.lt\/index.php?rest_route=\/wp\/v2\/types\/page"}],"author":[{"embeddable":true,"href":"https:\/\/www.lopselis.darzelis.mickunai.vilniausr.lm.lt\/index.php?rest_route=\/wp\/v2\/users\/1"}],"replies":[{"embeddable":true,"href":"https:\/\/www.lopselis.darzelis.mickunai.vilniausr.lm.lt\/index.php?rest_route=%2Fwp%2Fv2%2Fcomments&post=6429"}],"version-history":[{"count":4,"href":"https:\/\/www.lopselis.darzelis.mickunai.vilniausr.lm.lt\/index.php?rest_route=\/wp\/v2\/pages\/6429\/revisions"}],"predecessor-version":[{"id":6441,"href":"https:\/\/www.lopselis.darzelis.mickunai.vilniausr.lm.lt\/index.php?rest_route=\/wp\/v2\/pages\/6429\/revisions\/6441"}],"wp:attachment":[{"href":"https:\/\/www.lopselis.darzelis.mickunai.vilniausr.lm.lt\/index.php?rest_route=%2Fwp%2Fv2%2Fmedia&parent=6429"}],"curies":[{"name":"wp","href":"https:\/\/api.w.org\/{rel}","templated":true}]}}